{"id":311,"date":"2025-02-19T08:52:50","date_gmt":"2025-02-19T07:52:50","guid":{"rendered":"https:\/\/simply.brandthefuture.at\/test\/"},"modified":"2025-10-15T16:02:57","modified_gmt":"2025-10-15T14:02:57","slug":"test","status":"publish","type":"page","link":"https:\/\/simply.brandthefuture.at\/en\/","title":{"rendered":"Test"},"content":{"rendered":"\t\t<div data-elementor-type=\"wp-page\" data-elementor-id=\"311\" class=\"elementor elementor-311 elementor-12\" data-elementor-post-type=\"page\">\n\t\t\t\t<div class=\"elementor-element elementor-element-7dbfef2 e-flex e-con-boxed e-con e-parent\" data-id=\"7dbfef2\" data-element_type=\"container\">\n\t\t\t\t\t<div class=\"e-con-inner\">\n\t\t\t\t<div class=\"elementor-element elementor-element-ca090ec e-transform elementor-widget elementor-widget-button\" data-id=\"ca090ec\" data-element_type=\"widget\" data-settings=\"{&quot;_transform_rotateZ_effect&quot;:{&quot;unit&quot;:&quot;px&quot;,&quot;size&quot;:90,&quot;sizes&quot;:[]},&quot;_transform_rotateZ_effect_laptop&quot;:{&quot;unit&quot;:&quot;deg&quot;,&quot;size&quot;:&quot;&quot;,&quot;sizes&quot;:[]},&quot;_transform_rotateZ_effect_tablet&quot;:{&quot;unit&quot;:&quot;deg&quot;,&quot;size&quot;:&quot;&quot;,&quot;sizes&quot;:[]},&quot;_transform_rotateZ_effect_mobile&quot;:{&quot;unit&quot;:&quot;deg&quot;,&quot;size&quot;:&quot;&quot;,&quot;sizes&quot;:[]}}\" data-widget_type=\"button.default\">\n\t\t\t\t<div class=\"elementor-widget-container\">\n\t\t\t\t\t\t\t\t\t<div class=\"elementor-button-wrapper\">\n\t\t\t\t\t<a class=\"elementor-button elementor-button-link elementor-size-sm\" href=\"#\">\n\t\t\t\t\t\t<span class=\"elementor-button-content-wrapper\">\n\t\t\t\t\t\t<span class=\"elementor-button-icon\">\n\t\t\t\t<svg xmlns=\"http:\/\/www.w3.org\/2000\/svg\" id=\"uuid-1ec060fe-b4f6-4a74-8de4-ba90faf376a2\" width=\"1520.46\" height=\"896.45\" viewBox=\"0 0 1520.46 896.45\"><defs><style>.uuid-9e4d300e-df1b-4bf2-9d88-8f5f96262255{stroke-width:0px;}<\/style><\/defs><polygon class=\"uuid-9e4d300e-df1b-4bf2-9d88-8f5f96262255\" points=\"1072.22 0 1019.53 52.7 1377.8 410.97 0 410.97 0 485.48 1377.82 485.48 1019.53 843.76 1072.22 896.45 1520.46 448.24 1072.22 0\"><\/polygon><\/svg>\t\t\t<\/span>\n\t\t\t\t\t\t\t\t<\/span>\n\t\t\t\t\t<\/a>\n\t\t\t\t<\/div>\n\t\t\t\t\t\t\t\t<\/div>\n\t\t\t\t<\/div>\n\t\t\t\t\t<\/div>\n\t\t\t\t<\/div>\n\t\t<div class=\"elementor-element elementor-element-8419ad0 e-flex e-con-boxed e-con e-parent\" data-id=\"8419ad0\" data-element_type=\"container\">\n\t\t\t\t\t<div class=\"e-con-inner\">\n\t\t<div class=\"elementor-element elementor-element-a001f50 e-con-full e-flex e-con e-child\" data-id=\"a001f50\" data-element_type=\"container\">\n\t\t\t\t<div class=\"elementor-element elementor-element-c24f9dc elementor-widget elementor-widget-image\" data-id=\"c24f9dc\" data-element_type=\"widget\" data-widget_type=\"image.default\">\n\t\t\t\t<div class=\"elementor-widget-container\">\n\t\t\t\t\t\t\t\t\t\t\t\t\t\t\t<img fetchpriority=\"high\" decoding=\"async\" width=\"1716\" height=\"938\" src=\"https:\/\/simply.brandthefuture.at\/wp-content\/uploads\/2025\/10\/Bildschirmfoto-2025-03-13-um-09.28.59.png\" class=\"attachment-full size-full wp-image-310\" alt=\"\" srcset=\"https:\/\/simply.brandthefuture.at\/wp-content\/uploads\/2025\/10\/Bildschirmfoto-2025-03-13-um-09.28.59.png 1716w, https:\/\/simply.brandthefuture.at\/wp-content\/uploads\/2025\/10\/Bildschirmfoto-2025-03-13-um-09.28.59-300x164.png 300w, https:\/\/simply.brandthefuture.at\/wp-content\/uploads\/2025\/10\/Bildschirmfoto-2025-03-13-um-09.28.59-1024x560.png 1024w, https:\/\/simply.brandthefuture.at\/wp-content\/uploads\/2025\/10\/Bildschirmfoto-2025-03-13-um-09.28.59-768x420.png 768w, https:\/\/simply.brandthefuture.at\/wp-content\/uploads\/2025\/10\/Bildschirmfoto-2025-03-13-um-09.28.59-1536x840.png 1536w\" sizes=\"(max-width: 1716px) 100vw, 1716px\" \/>\t\t\t\t\t\t\t\t\t\t\t\t\t\t\t<\/div>\n\t\t\t\t<\/div>\n\t\t\t\t<\/div>\n\t\t\t\t\t<\/div>\n\t\t\t\t<\/div>\n\t\t<div class=\"elementor-element elementor-element-f79c1ac e-flex e-con-boxed e-con e-parent\" data-id=\"f79c1ac\" data-element_type=\"container\">\n\t\t\t\t\t<div class=\"e-con-inner\">\n\t\t<div class=\"elementor-element elementor-element-198c0d3 e-con-full e-flex e-con e-child\" data-id=\"198c0d3\" data-element_type=\"container\">\n\t\t\t\t<div class=\"elementor-element elementor-element-ac3a651 elementor-widget__width-initial elementor-widget elementor-widget-text-editor\" data-id=\"ac3a651\" data-element_type=\"widget\" data-widget_type=\"text-editor.default\">\n\t\t\t\t<div class=\"elementor-widget-container\">\n\t\t\t\t\t\t\t\t\t<p>Simplyworks realisiert komplexe AV-Konzepte und macht R\u00e4ume <br>und Erlebnisse sp\u00fcrbar \u2013 von der ersten Idee bis zum Live-Betrieb. <br>Mit mehr als 25 Jahren Know-How und hoher technischer Expertise verbinden wir Kreativit\u00e4t, Engineering und Umsetzungskompetenz.<\/p>\t\t\t\t\t\t\t\t<\/div>\n\t\t\t\t<\/div>\n\t\t\t\t<\/div>\n\t\t\t\t\t<\/div>\n\t\t\t\t<\/div>\n\t\t<div class=\"elementor-element elementor-element-308f36e e-flex e-con-boxed e-con e-parent\" data-id=\"308f36e\" data-element_type=\"container\">\n\t\t\t\t\t<div class=\"e-con-inner\">\n\t\t<div class=\"elementor-element elementor-element-bb90355 e-con-full e-flex e-con e-child\" data-id=\"bb90355\" data-element_type=\"container\">\n\t\t\t\t<div class=\"elementor-element elementor-element-675ad3e elementor-widget__width-initial elementor-widget elementor-widget-heading\" data-id=\"675ad3e\" data-element_type=\"widget\" data-widget_type=\"heading.default\">\n\t\t\t\t<div class=\"elementor-widget-container\">\n\t\t\t\t\t<h2 class=\"elementor-heading-title elementor-size-default\">Immersive \nexperiences. \nExpertly \nrealized.<\/h2>\t\t\t\t<\/div>\n\t\t\t\t<\/div>\n\t\t\t\t<\/div>\n\t\t<div class=\"elementor-element elementor-element-a8e4dd7 e-con-full e-flex e-con e-child\" data-id=\"a8e4dd7\" data-element_type=\"container\">\n\t\t\t\t<div class=\"elementor-element elementor-element-51a7b4c elementor-widget__width-initial elementor-widget elementor-widget-text-editor\" data-id=\"51a7b4c\" data-element_type=\"widget\" data-widget_type=\"text-editor.default\">\n\t\t\t\t<div class=\"elementor-widget-container\">\n\t\t\t\t\t\t\t\t\t<p>Wir wissen, dass au\u00dfergew\u00f6hnliche Erlebnisse nur in enger Zusammenarbeit mit Kreativen, Designern und Architekten entstehen \u2013 wenn technisches Know-how und gestalterische Vision ineinandergreifen. Ob Licht- und Tonkonzepte, AV- und LED-Bespielungen, Live-Events oder ma\u00dfgeschneiderte Elektronikl\u00f6sungen. <\/p>\t\t\t\t\t\t\t\t<\/div>\n\t\t\t\t<\/div>\n\t\t\t\t<div class=\"elementor-element elementor-element-34dd961 elementor-widget__width-initial elementor-widget elementor-widget-text-editor\" data-id=\"34dd961\" data-element_type=\"widget\" data-widget_type=\"text-editor.default\">\n\t\t\t\t<div class=\"elementor-widget-container\">\n\t\t\t\t\t\t\t\t\t<p>Simplyworks realisiert exzellente Gesamtl\u00f6sungen f\u00fcr Architektur, Kultur, Marken, Exhibitions, Clubs, Gastronomie und den \u00f6ffentlichen Raum. Was oft simpel erscheinen mag, ist meist ein komplexes Zusammenspiel. Das ist genau die Herausforderung, die wir lieben.  <\/p>\t\t\t\t\t\t\t\t<\/div>\n\t\t\t\t<\/div>\n\t\t\t\t<div class=\"elementor-element elementor-element-bdf9ab0 elementor-widget elementor-widget-button\" data-id=\"bdf9ab0\" data-element_type=\"widget\" data-widget_type=\"button.default\">\n\t\t\t\t<div class=\"elementor-widget-container\">\n\t\t\t\t\t\t\t\t\t<div class=\"elementor-button-wrapper\">\n\t\t\t\t\t<a class=\"elementor-button elementor-button-link elementor-size-sm\" href=\"#\">\n\t\t\t\t\t\t<span class=\"elementor-button-content-wrapper\">\n\t\t\t\t\t\t<span class=\"elementor-button-icon\">\n\t\t\t\t<svg xmlns=\"http:\/\/www.w3.org\/2000\/svg\" id=\"uuid-1ec060fe-b4f6-4a74-8de4-ba90faf376a2\" width=\"1520.46\" height=\"896.45\" viewBox=\"0 0 1520.46 896.45\"><defs><style>.uuid-9e4d300e-df1b-4bf2-9d88-8f5f96262255{stroke-width:0px;}<\/style><\/defs><polygon class=\"uuid-9e4d300e-df1b-4bf2-9d88-8f5f96262255\" points=\"1072.22 0 1019.53 52.7 1377.8 410.97 0 410.97 0 485.48 1377.82 485.48 1019.53 843.76 1072.22 896.45 1520.46 448.24 1072.22 0\"><\/polygon><\/svg>\t\t\t<\/span>\n\t\t\t\t\t\t\t\t\t<span class=\"elementor-button-text\">About us<\/span>\n\t\t\t\t\t<\/span>\n\t\t\t\t\t<\/a>\n\t\t\t\t<\/div>\n\t\t\t\t\t\t\t\t<\/div>\n\t\t\t\t<\/div>\n\t\t\t\t<\/div>\n\t\t<div class=\"elementor-element elementor-element-6904f3c e-con-full e-flex e-con e-child\" data-id=\"6904f3c\" data-element_type=\"container\">\n\t\t\t\t<div class=\"elementor-element elementor-element-8204d2d elementor-widget elementor-widget-image\" data-id=\"8204d2d\" data-element_type=\"widget\" data-widget_type=\"image.default\">\n\t\t\t\t<div class=\"elementor-widget-container\">\n\t\t\t\t\t\t\t\t\t\t\t\t\t\t\t<img fetchpriority=\"high\" decoding=\"async\" width=\"1716\" height=\"938\" src=\"https:\/\/simply.brandthefuture.at\/wp-content\/uploads\/2025\/10\/Bildschirmfoto-2025-03-13-um-09.28.59.png\" class=\"attachment-full size-full wp-image-310\" alt=\"\" srcset=\"https:\/\/simply.brandthefuture.at\/wp-content\/uploads\/2025\/10\/Bildschirmfoto-2025-03-13-um-09.28.59.png 1716w, https:\/\/simply.brandthefuture.at\/wp-content\/uploads\/2025\/10\/Bildschirmfoto-2025-03-13-um-09.28.59-300x164.png 300w, https:\/\/simply.brandthefuture.at\/wp-content\/uploads\/2025\/10\/Bildschirmfoto-2025-03-13-um-09.28.59-1024x560.png 1024w, https:\/\/simply.brandthefuture.at\/wp-content\/uploads\/2025\/10\/Bildschirmfoto-2025-03-13-um-09.28.59-768x420.png 768w, https:\/\/simply.brandthefuture.at\/wp-content\/uploads\/2025\/10\/Bildschirmfoto-2025-03-13-um-09.28.59-1536x840.png 1536w\" sizes=\"(max-width: 1716px) 100vw, 1716px\" \/>\t\t\t\t\t\t\t\t\t\t\t\t\t\t\t<\/div>\n\t\t\t\t<\/div>\n\t\t\t\t<\/div>\n\t\t\t\t\t<\/div>\n\t\t\t\t<\/div>\n\t\t<div class=\"elementor-element elementor-element-5d0e818 e-flex e-con-boxed e-con e-parent\" data-id=\"5d0e818\" data-element_type=\"container\">\n\t\t\t\t\t<div class=\"e-con-inner\">\n\t\t<div class=\"elementor-element elementor-element-b6a67d7 e-con-full e-flex e-con e-child\" data-id=\"b6a67d7\" data-element_type=\"container\">\n\t\t\t\t<div class=\"elementor-element elementor-element-66d401b elementor-widget-divider--view-line elementor-widget elementor-widget-divider\" data-id=\"66d401b\" data-element_type=\"widget\" data-widget_type=\"divider.default\">\n\t\t\t\t<div class=\"elementor-widget-container\">\n\t\t\t\t\t\t\t<div class=\"elementor-divider\">\n\t\t\t<span class=\"elementor-divider-separator\">\n\t\t\t\t\t\t<\/span>\n\t\t<\/div>\n\t\t\t\t\t\t<\/div>\n\t\t\t\t<\/div>\n\t\t\t\t<\/div>\n\t\t<div class=\"elementor-element elementor-element-42a6493 e-con-full e-flex e-con e-child\" data-id=\"42a6493\" data-element_type=\"container\">\n\t\t\t\t<div class=\"elementor-element elementor-element-a9f5898 elementor-widget__width-auto elementor-widget elementor-widget-button\" data-id=\"a9f5898\" data-element_type=\"widget\" data-widget_type=\"button.default\">\n\t\t\t\t<div class=\"elementor-widget-container\">\n\t\t\t\t\t\t\t\t\t<div class=\"elementor-button-wrapper\">\n\t\t\t\t\t<a class=\"elementor-button elementor-size-sm\" role=\"button\">\n\t\t\t\t\t\t<span class=\"elementor-button-content-wrapper\">\n\t\t\t\t\t\t\t\t\t<span class=\"elementor-button-text\">Planing<\/span>\n\t\t\t\t\t<\/span>\n\t\t\t\t\t<\/a>\n\t\t\t\t<\/div>\n\t\t\t\t\t\t\t\t<\/div>\n\t\t\t\t<\/div>\n\t\t\t\t<\/div>\n\t\t<div class=\"elementor-element elementor-element-ff8a408 e-con-full e-flex e-con e-child\" data-id=\"ff8a408\" data-element_type=\"container\">\n\t\t\t\t<div class=\"elementor-element elementor-element-a069db5 elementor-widget__width-initial elementor-widget elementor-widget-text-editor\" data-id=\"a069db5\" data-element_type=\"widget\" data-widget_type=\"text-editor.default\">\n\t\t\t\t<div class=\"elementor-widget-container\">\n\t\t\t\t\t\t\t\t\t<p>Wir planen, beraten und realisieren individuelle L\u00f6sungen die Standards \u00fcbertreffen. Simplyworks liefert AV-Installationen, Licht- und Tonkonzepte, Studiotechnik und baut individuell angepasste Elektronik \u2013 und alles, was es bisher so vielleicht noch nicht gab. Unsere einzigartige St\u00e4rke: kreatives Ausloten technischer Machbarkeit kombiniert mit pragmatischer Umsetzung \u2013 mit h\u00f6chstem Anspruch an der perfekten L\u00f6sung. Sorry \u2013 hier geben wir uns mit simply nicht zufrieden.   <\/p>\t\t\t\t\t\t\t\t<\/div>\n\t\t\t\t<\/div>\n\t\t\t\t<div class=\"elementor-element elementor-element-a56bdca elementor-widget__width-initial elementor-widget elementor-widget-heading\" data-id=\"a56bdca\" data-element_type=\"widget\" data-widget_type=\"heading.default\">\n\t\t\t\t<div class=\"elementor-widget-container\">\n\t\t\t\t\t<h2 class=\"elementor-heading-title elementor-size-default\">From concept \nto stage. \nFrom vision \nto experience.<\/h2>\t\t\t\t<\/div>\n\t\t\t\t<\/div>\n\t\t\t\t<\/div>\n\t\t<div class=\"elementor-element elementor-element-443cb58 e-con-full e-flex e-con e-child\" data-id=\"443cb58\" data-element_type=\"container\">\n\t\t\t\t<div class=\"elementor-element elementor-element-45d9360 elementor-widget elementor-widget-image\" data-id=\"45d9360\" data-element_type=\"widget\" data-widget_type=\"image.default\">\n\t\t\t\t<div class=\"elementor-widget-container\">\n\t\t\t\t\t\t\t\t\t\t\t\t\t\t\t<img fetchpriority=\"high\" decoding=\"async\" width=\"1716\" height=\"938\" src=\"https:\/\/simply.brandthefuture.at\/wp-content\/uploads\/2025\/10\/Bildschirmfoto-2025-03-13-um-09.28.59.png\" class=\"attachment-full size-full wp-image-310\" alt=\"\" srcset=\"https:\/\/simply.brandthefuture.at\/wp-content\/uploads\/2025\/10\/Bildschirmfoto-2025-03-13-um-09.28.59.png 1716w, https:\/\/simply.brandthefuture.at\/wp-content\/uploads\/2025\/10\/Bildschirmfoto-2025-03-13-um-09.28.59-300x164.png 300w, https:\/\/simply.brandthefuture.at\/wp-content\/uploads\/2025\/10\/Bildschirmfoto-2025-03-13-um-09.28.59-1024x560.png 1024w, https:\/\/simply.brandthefuture.at\/wp-content\/uploads\/2025\/10\/Bildschirmfoto-2025-03-13-um-09.28.59-768x420.png 768w, https:\/\/simply.brandthefuture.at\/wp-content\/uploads\/2025\/10\/Bildschirmfoto-2025-03-13-um-09.28.59-1536x840.png 1536w\" sizes=\"(max-width: 1716px) 100vw, 1716px\" \/>\t\t\t\t\t\t\t\t\t\t\t\t\t\t\t<\/div>\n\t\t\t\t<\/div>\n\t\t\t\t<\/div>\n\t\t<div class=\"elementor-element elementor-element-ab8c70e e-con-full e-flex e-con e-child\" data-id=\"ab8c70e\" data-element_type=\"container\">\n\t\t\t\t<div class=\"elementor-element elementor-element-7b5857c elementor-widget elementor-widget-text-editor\" data-id=\"7b5857c\" data-element_type=\"widget\" data-widget_type=\"text-editor.default\">\n\t\t\t\t<div class=\"elementor-widget-container\">\n\t\t\t\t\t\t\t\t\t<p>Bei unseren L\u00f6sungen durchaus: Mit unserem Kundentool \u201eSimply on Site\u201c (SOS) bieten wir auf Wunsch umfassendes Monitoring und Wartung, langfristige Sicherheit und zukunftsgerichtete Schnittstellen. Unser Credo: <br>Simply for you. <\/p>\t\t\t\t\t\t\t\t<\/div>\n\t\t\t\t<\/div>\n\t\t<div class=\"elementor-element elementor-element-2c842d2 e-con-full e-flex e-con e-child\" data-id=\"2c842d2\" data-element_type=\"container\">\n\t\t\t\t<div class=\"elementor-element elementor-element-29bccda elementor-widget elementor-widget-text-editor\" data-id=\"29bccda\" data-element_type=\"widget\" data-widget_type=\"text-editor.default\">\n\t\t\t\t<div class=\"elementor-widget-container\">\n\t\t\t\t\t\t\t\t\t<p>(Entdecke unsere Projekte)<\/p>\t\t\t\t\t\t\t\t<\/div>\n\t\t\t\t<\/div>\n\t\t\t\t<div class=\"elementor-element elementor-element-1662fe3 elementor-widget elementor-widget-button\" data-id=\"1662fe3\" data-element_type=\"widget\" data-widget_type=\"button.default\">\n\t\t\t\t<div class=\"elementor-widget-container\">\n\t\t\t\t\t\t\t\t\t<div class=\"elementor-button-wrapper\">\n\t\t\t\t\t<a class=\"elementor-button elementor-button-link elementor-size-sm\" href=\"#\">\n\t\t\t\t\t\t<span class=\"elementor-button-content-wrapper\">\n\t\t\t\t\t\t<span class=\"elementor-button-icon\">\n\t\t\t\t<svg xmlns=\"http:\/\/www.w3.org\/2000\/svg\" id=\"uuid-1ec060fe-b4f6-4a74-8de4-ba90faf376a2\" width=\"1520.46\" height=\"896.45\" viewBox=\"0 0 1520.46 896.45\"><defs><style>.uuid-9e4d300e-df1b-4bf2-9d88-8f5f96262255{stroke-width:0px;}<\/style><\/defs><polygon class=\"uuid-9e4d300e-df1b-4bf2-9d88-8f5f96262255\" points=\"1072.22 0 1019.53 52.7 1377.8 410.97 0 410.97 0 485.48 1377.82 485.48 1019.53 843.76 1072.22 896.45 1520.46 448.24 1072.22 0\"><\/polygon><\/svg>\t\t\t<\/span>\n\t\t\t\t\t\t\t\t\t<span class=\"elementor-button-text\">Works<\/span>\n\t\t\t\t\t<\/span>\n\t\t\t\t\t<\/a>\n\t\t\t\t<\/div>\n\t\t\t\t\t\t\t\t<\/div>\n\t\t\t\t<\/div>\n\t\t\t\t<\/div>\n\t\t\t\t<\/div>\n\t\t<div class=\"elementor-element elementor-element-2a5ee81 e-con-full e-flex e-con e-child\" data-id=\"2a5ee81\" data-element_type=\"container\">\n\t\t\t\t<div class=\"elementor-element elementor-element-26ac547 elementor-widget elementor-widget-image\" data-id=\"26ac547\" data-element_type=\"widget\" data-widget_type=\"image.default\">\n\t\t\t\t<div class=\"elementor-widget-container\">\n\t\t\t\t\t\t\t\t\t\t\t\t\t\t\t<img fetchpriority=\"high\" decoding=\"async\" width=\"1716\" height=\"938\" src=\"https:\/\/simply.brandthefuture.at\/wp-content\/uploads\/2025\/10\/Bildschirmfoto-2025-03-13-um-09.28.59.png\" class=\"attachment-full size-full wp-image-310\" alt=\"\" srcset=\"https:\/\/simply.brandthefuture.at\/wp-content\/uploads\/2025\/10\/Bildschirmfoto-2025-03-13-um-09.28.59.png 1716w, https:\/\/simply.brandthefuture.at\/wp-content\/uploads\/2025\/10\/Bildschirmfoto-2025-03-13-um-09.28.59-300x164.png 300w, https:\/\/simply.brandthefuture.at\/wp-content\/uploads\/2025\/10\/Bildschirmfoto-2025-03-13-um-09.28.59-1024x560.png 1024w, https:\/\/simply.brandthefuture.at\/wp-content\/uploads\/2025\/10\/Bildschirmfoto-2025-03-13-um-09.28.59-768x420.png 768w, https:\/\/simply.brandthefuture.at\/wp-content\/uploads\/2025\/10\/Bildschirmfoto-2025-03-13-um-09.28.59-1536x840.png 1536w\" sizes=\"(max-width: 1716px) 100vw, 1716px\" \/>\t\t\t\t\t\t\t\t\t\t\t\t\t\t\t<\/div>\n\t\t\t\t<\/div>\n\t\t\t\t<\/div>\n\t\t<div class=\"elementor-element elementor-element-7f34ad8 e-con-full e-flex e-con e-child\" data-id=\"7f34ad8\" data-element_type=\"container\">\n\t\t\t\t<div class=\"elementor-element elementor-element-1aeb694 elementor-widget elementor-widget-image\" data-id=\"1aeb694\" data-element_type=\"widget\" data-widget_type=\"image.default\">\n\t\t\t\t<div class=\"elementor-widget-container\">\n\t\t\t\t\t\t\t\t\t\t\t\t\t\t\t<img fetchpriority=\"high\" decoding=\"async\" width=\"1716\" height=\"938\" src=\"https:\/\/simply.brandthefuture.at\/wp-content\/uploads\/2025\/10\/Bildschirmfoto-2025-03-13-um-09.28.59.png\" class=\"attachment-full size-full wp-image-310\" alt=\"\" srcset=\"https:\/\/simply.brandthefuture.at\/wp-content\/uploads\/2025\/10\/Bildschirmfoto-2025-03-13-um-09.28.59.png 1716w, https:\/\/simply.brandthefuture.at\/wp-content\/uploads\/2025\/10\/Bildschirmfoto-2025-03-13-um-09.28.59-300x164.png 300w, https:\/\/simply.brandthefuture.at\/wp-content\/uploads\/2025\/10\/Bildschirmfoto-2025-03-13-um-09.28.59-1024x560.png 1024w, https:\/\/simply.brandthefuture.at\/wp-content\/uploads\/2025\/10\/Bildschirmfoto-2025-03-13-um-09.28.59-768x420.png 768w, https:\/\/simply.brandthefuture.at\/wp-content\/uploads\/2025\/10\/Bildschirmfoto-2025-03-13-um-09.28.59-1536x840.png 1536w\" sizes=\"(max-width: 1716px) 100vw, 1716px\" \/>\t\t\t\t\t\t\t\t\t\t\t\t\t\t\t<\/div>\n\t\t\t\t<\/div>\n\t\t\t\t<\/div>\n\t\t\t\t\t<\/div>\n\t\t\t\t<\/div>\n\t\t\t\t<\/div>\n\t\t","protected":false},"excerpt":{"rendered":"<p>Simplyworks realisiert komplexe AV-Konzepte und macht R\u00e4ume und Erlebnisse sp\u00fcrbar \u2013 von der ersten Idee bis zum Live-Betrieb. Mit mehr als 25 Jahren Know-How und hoher technischer Expertise verbinden wir Kreativit\u00e4t, Engineering und Umsetzungskompetenz. Immersive experiences. Expertly realized. Wir wissen, dass au\u00dfergew\u00f6hnliche Erlebnisse nur in enger Zusammenarbeit mit Kreativen, Designern und Architekten entstehen \u2013 wenn [&hellip;]<\/p>\n","protected":false},"author":1,"featured_media":0,"parent":0,"menu_order":0,"comment_status":"closed","ping_status":"closed","template":"elementor_header_footer","meta":{"footnotes":""},"class_list":["post-311","page","type-page","status-publish","hentry"],"_links":{"self":[{"href":"https:\/\/simply.brandthefuture.at\/en\/wp-json\/wp\/v2\/pages\/311","targetHints":{"allow":["GET"]}}],"collection":[{"href":"https:\/\/simply.brandthefuture.at\/en\/wp-json\/wp\/v2\/pages"}],"about":[{"href":"https:\/\/simply.brandthefuture.at\/en\/wp-json\/wp\/v2\/types\/page"}],"author":[{"embeddable":true,"href":"https:\/\/simply.brandthefuture.at\/en\/wp-json\/wp\/v2\/users\/1"}],"replies":[{"embeddable":true,"href":"https:\/\/simply.brandthefuture.at\/en\/wp-json\/wp\/v2\/comments?post=311"}],"version-history":[{"count":2,"href":"https:\/\/simply.brandthefuture.at\/en\/wp-json\/wp\/v2\/pages\/311\/revisions"}],"predecessor-version":[{"id":336,"href":"https:\/\/simply.brandthefuture.at\/en\/wp-json\/wp\/v2\/pages\/311\/revisions\/336"}],"wp:attachment":[{"href":"https:\/\/simply.brandthefuture.at\/en\/wp-json\/wp\/v2\/media?parent=311"}],"curies":[{"name":"wp","href":"https:\/\/api.w.org\/{rel}","templated":true}]}}